{"id":2563,"date":"2016-03-09T19:45:04","date_gmt":"2016-03-09T18:45:04","guid":{"rendered":"http:\/\/handballtraining-online.de\/hto\/login\/"},"modified":"2022-12-05T21:30:41","modified_gmt":"2022-12-05T20:30:41","slug":"login","status":"publish","type":"page","link":"https:\/\/www.handballtraining-online.de\/hto\/login\/","title":{"rendered":"Login"},"content":{"rendered":"<div id=\"fb-root\"><\/div>\n<div id='fb-root'><\/div>\r\n  <script>(function(d, s, id) {\r\n    var js, fjs = d.getElementsByTagName(s)[0];\r\n    if (d.getElementById(id)) return;\r\n    js = d.createElement(s); js.id = id;\r\n    js.src = '\/\/connect.facebook.net\/en_US\/sdk.js#xfbml=1&version=v2.6';\r\n    fjs.parentNode.insertBefore(js, fjs);\r\n  }(document, 'script', 'facebook-jssdk'));<\/script><p><strong>Du hast noch keinen Account? <\/strong><a href=\"https:\/\/www.handballtraining-online.de\/hto\/registrieren\/\">Bitte registriere dich hier neu.<\/a><\/p>\n<hr \/>\n<p><strong>Du hast schon einen neuen Account?<\/strong><\/p>\n\n<div class=\"um um-login um-4236\">\n\t<div class=\"um-form\">\n\t\t<form method=\"post\" action=\"\" autocomplete=\"off\">\n\t\t\t<div class=\"um-row _um_row_1 \" style=\"margin: 0 0 30px 0;\"><div class=\"um-col-1\"><div  id=\"um_field_4236_user_email\" class=\"um-field um-field-text  um-field-user_email um-field-text um-field-type_text\" data-key=\"user_email\"><div class=\"um-field-label\"><label for=\"user_email-4236\">E-Mail Adresse<span class=\"um-req\" title=\"Erforderlich\">*<\/span><\/label><div class=\"um-clear\"><\/div><\/div><div class=\"um-field-area\"><input  autocomplete=\"off\" class=\"um-form-field valid \" type=\"text\" name=\"user_email-4236\" id=\"user_email-4236\" value=\"\" placeholder=\"\" data-validate=\"unique_email\" data-key=\"user_email\"  aria-invalid=\"false\" \/>\n\n\t\t\t\t\t\t<\/div><\/div><div  id=\"um_field_4236_user_password\" class=\"um-field um-field-password  um-field-user_password um-field-password um-field-type_password\" data-key=\"user_password\"><div class=\"um-field-label\"><label for=\"user_password-4236\">Passwort<span class=\"um-req\" title=\"Erforderlich\">*<\/span><\/label><div class=\"um-clear\"><\/div><\/div><div class=\"um-field-area\"><input class=\"um-form-field valid \" type=\"password\" name=\"user_password-4236\" id=\"user_password-4236\" value=\"\" placeholder=\"\" data-validate=\"\" data-key=\"user_password\"  aria-invalid=\"false\" \/>\n\n\t\t\t\t\t\t\t<\/div><\/div><\/div><\/div>\t\t<input type=\"hidden\" name=\"form_id\" id=\"form_id_4236\" value=\"4236\" \/>\n\t\n\t<p class=\"um_request_name\">\n\t\t<label for=\"um_request_4236\">Only fill in if you are not human<\/label>\n\t\t<input type=\"hidden\" name=\"um_request\" id=\"um_request_4236\" class=\"input\" value=\"\" size=\"25\" autocomplete=\"off\" \/>\n\t<\/p>\n\n\t<input type=\"hidden\" name=\"redirect_to\" id=\"redirect_to\" value=\"\/hto\/index.php\" \/><input type=\"hidden\" id=\"_wpnonce\" name=\"_wpnonce\" value=\"3089e5ab56\" \/><input type=\"hidden\" name=\"_wp_http_referer\" value=\"\/hto\/wp-json\/wp\/v2\/pages\/2563\" \/>\n<div class=\"um-field\">\n\t<div class=\"g-recaptcha\" id=\"um-4236\" data-type=\"image\" data-size=\"normal\" data-theme=\"light\" data-sitekey=\"6LeUTV4UAAAAALv00WNkkWNTxqAWKCKOlyGJDAq5\"><\/div>\n<\/div>\n\n\n<script type=\"text\/javascript\">\n\t\n\t\tvar onloadCallback = function () {\n\t\t\tjQuery('.g-recaptcha').each( function (i) {\n\t\t\t\tgrecaptcha.render( jQuery(this).attr('id'), {\n\t\t\t\t\t'sitekey': jQuery(this).attr('data-sitekey'),\n\t\t\t\t\t'theme': jQuery(this).attr('data-theme')\n\t\t\t\t});\n\t\t\t});\n\t\t};\n\n\t\tfunction um_recaptcha_refresh() {\n\t\t\tjQuery('.g-recaptcha').html('');\n\t\t\tgrecaptcha.reset();\n\t\t\tonloadCallback();\n\t\t}\n\n\t<\/script>\n\n\t<div class=\"um-col-alt\">\n\n\t\t\n\n\t\t\t<div class=\"um-field um-field-c\">\n\t\t\t\t<div class=\"um-field-area\">\n\t\t\t\t\t<label class=\"um-field-checkbox\">\n\t\t\t\t\t\t<input type=\"checkbox\" name=\"rememberme\" value=\"1\"  \/>\n\t\t\t\t\t\t<span class=\"um-field-checkbox-state\"><i class=\"um-icon-android-checkbox-outline-blank\"><\/i><\/span>\n\t\t\t\t\t\t<span class=\"um-field-checkbox-option\"> Angemeldet bleiben<\/span>\n\t\t\t\t\t<\/label>\n\t\t\t\t<\/div>\n\t\t\t<\/div>\n\n\t\t\t\t\t\t<div class=\"um-clear\"><\/div>\n\t\t\n\t\t\t<div class=\"um-left um-half\">\n\t\t\t\t<input type=\"submit\" value=\"Anmelden\" class=\"um-button\" id=\"um-submit-btn\" \/>\n\t\t\t<\/div>\n\t\t\t<div class=\"um-right um-half\">\n\t\t\t\t<a href=\"https:\/\/www.handballtraining-online.de\/hto\/werde-mitglied-auf-handballtraining-online-de\/\" class=\"um-button um-alt\">\n\t\t\t\t\tRegistrieren\t\t\t\t<\/a>\n\t\t\t<\/div>\n\n\t\t\n\t\t<div class=\"um-clear\"><\/div>\n\n\t<\/div>\n\n\t\n\t<div class=\"um-col-alt-b\">\n\t\t<a href=\"https:\/\/www.handballtraining-online.de\/hto\/password-reset\/\" class=\"um-link-alt\">\n\t\t\tPasswort vergessen?\t\t<\/a>\n\t<\/div>\n\n\t\t\t<\/form>\n\t<\/div>\n<\/div>\n<style>\n\t\t\t.um-4236.um {\n\t\t\tmax-width: 450px;\n\t\t}\n\t\t<\/style>\n\n<hr \/>\n<p>Einloggen und loslegen. Es warten viele \u00dcbungen f\u00fcr dein Handballtraining auf dich. Erstelle abwechslungsreiche Trainingspl\u00e4ne. Wir w\u00fcnschen dir viel Spa\u00df!<\/p>\n<p>Unser Trainingskatalog ist nach Kategorien sortiert und bietet f\u00fcr jede Trainingseinheit die passenden Bausteine. Abwehrtraining, Aufw\u00e4rmen, Ausdauer und Kondition, Aussenspieler, Gegensto\u00df, Grundlagentraining, Koordination, Kreisspieler, R\u00fcckraumspieler, Torwarttraining und Zweikampfschulung &#8211; da ist f\u00fcr jeden etwas dabei.<\/p>\n<p>Die Animationen vermitteln Dir ein verbessertes Verst\u00e4ndnis der \u00dcbungen und erleichtern die \u00dcbertragung in den Trainingsalltag.<\/p>\n","protected":false},"excerpt":{"rendered":"<p>Du hast noch keinen Account? Bitte registriere dich hier neu. Du hast schon einen neuen Account? Einloggen und loslegen. Es<\/p>\n","protected":false},"author":1,"featured_media":0,"parent":0,"menu_order":0,"comment_status":"closed","ping_status":"closed","template":"","meta":{"footnotes":""},"class_list":["post-2563","page","type-page","status-publish","hentry"],"_links":{"self":[{"href":"https:\/\/www.handballtraining-online.de\/hto\/wp-json\/wp\/v2\/pages\/2563"}],"collection":[{"href":"https:\/\/www.handballtraining-online.de\/hto\/wp-json\/wp\/v2\/pages"}],"about":[{"href":"https:\/\/www.handballtraining-online.de\/hto\/wp-json\/wp\/v2\/types\/page"}],"author":[{"embeddable":true,"href":"https:\/\/www.handballtraining-online.de\/hto\/wp-json\/wp\/v2\/users\/1"}],"replies":[{"embeddable":true,"href":"https:\/\/www.handballtraining-online.de\/hto\/wp-json\/wp\/v2\/comments?post=2563"}],"version-history":[{"count":20,"href":"https:\/\/www.handballtraining-online.de\/hto\/wp-json\/wp\/v2\/pages\/2563\/revisions"}],"predecessor-version":[{"id":4244,"href":"https:\/\/www.handballtraining-online.de\/hto\/wp-json\/wp\/v2\/pages\/2563\/revisions\/4244"}],"wp:attachment":[{"href":"https:\/\/www.handballtraining-online.de\/hto\/wp-json\/wp\/v2\/media?parent=2563"}],"curies":[{"name":"wp","href":"https:\/\/api.w.org\/{rel}","templated":true}]}}